{"id":114,"date":"2020-07-21T11:46:16","date_gmt":"2020-07-21T11:46:16","guid":{"rendered":"https:\/\/9warehouse.com_el\/?post_type=product&#038;p=114"},"modified":"2026-01-31T08:45:00","modified_gmt":"2026-01-31T08:45:00","slug":"gold-chain","status":"publish","type":"product","link":"https:\/\/9warehouse.com\/fr\/produit\/gold-chain\/","title":{"rendered":"lunettes intelligentes IA"},"content":{"rendered":"<p><em><strong>Sp\u00e9cifications du produit\u00a0:<\/strong><\/em><\/p>\n<p>================================================<\/p>\n<p>Wi-Fi : 5 GHz<\/p>\n<p>Port\u00e9e de r\u00e9ception Bluetooth : \u2265 10 m\u00e8tres<\/p>\n<p>Fr\u00e9quence de fonctionnement : 2,402 GHz\u20132,480 GHz<\/p>\n<p>Puissance de transmission : CLASSE 2, MAX 4 dBm<\/p>\n<p>Rapport signal\/bruit\u00a0: -89\u00a0dBV<\/p>\n<p>Distorsion : &lt;1%<\/p>\n<p>Fr\u00e9quence de fonctionnement : 20 Hz \u2013 20 kHz<\/p>\n<p>Tension d&#039;entr\u00e9e de charge\u00a0: 5\u00a0V CC \u00b10,25\u00a0V<\/p>\n<p>Caract\u00e9ristiques de la batterie\u00a0: 3,8\u00a0V\/280\u00a0mAh<\/p>\n<p>Tension de fonctionnement\u00a0: 3,8\u00a0V (3,3-4,2\u00a0V)<\/p>\n<p>Temps de charge : \u2264 2 heures<\/p>\n<p>Courant de veille : \u22645 \u03bcA<\/p>\n<p>Sensibilit\u00e9 du microphone\u00a0: -42\u00a0\u00b1\u00a03\u00a0dB\u00a0; alerte de basse tension\u00a0: 3,0\u00a0V<\/p>\n<p>Dur\u00e9e de lecture musicale continue\u00a0: environ 5 heures (volume 80%)<\/p>\n<p>Courant de fonctionnement\u00a0: \u226430\u00a0mA (le courant augmente avec le volume)<\/p>\n<p>Courant d&#039;enregistrement cam\u00e9ra\/vid\u00e9o\u00a0: \u2264\u00a0210\u00a0mA<\/p>\n<p>==================================================<\/p>\n<p><em><strong>Fonction de traduction<\/strong><\/em><\/p>\n<p>Langues prises en charge\u00a0: Langues de l\u2019application\u00a0: chinois traditionnel, chinois simplifi\u00e9, vietnamien, turc, tha\u00ef, slovaque, russe, roumain, portugais, polonais, n\u00e9erlandais, cor\u00e9en, italien, indon\u00e9sien, hongrois, hindi, fran\u00e7ais, espagnol, grec, allemand, tch\u00e8que, arabe, anglais, ourdou<\/p>\n<p>Langues prises en charge par la fonction de traduction\u00a0: chinois simplifi\u00e9, anglais, fran\u00e7ais, allemand, espagnol, japonais, italien, hindi, cor\u00e9en, tha\u00ef, russe, vietnamien, malais, indon\u00e9sien, grec, tch\u00e8que, roumain, su\u00e9dois, n\u00e9erlandais, polonais, arabe, persan, ourdou, turc, hongrois, h\u00e9breu<\/p>","protected":false},"excerpt":{"rendered":"<p><em><strong>Fonctions suppl\u00e9mentaires prises en charge\u00a0:<\/strong><\/em><\/p>\n<p>Fonctions prises en charge\u00a0: capture photo 8\u00a0MP, enregistrement vid\u00e9o, stabilisation d\u2019image, transmission Wi-Fi, r\u00e9duction du bruit gr\u00e2ce \u00e0 deux microphones<\/p>\n<p>r\u00e9veil vocal<\/p>\n<p>lecture de musique<\/p>\n<p>contr\u00f4le de la musique<\/p>\n<p>appels t\u00e9l\u00e9phoniques<\/p>\n<p>Int\u00e9gration ChatGPT<\/p>\n<p>reconnaissance d&#039;images<\/p>\n<p>traduction en temps r\u00e9el<\/p>\n<p>navigation tactile<\/p>\n<p>d\u00e9tection d&#039;usure<\/p>\n<p>&nbsp;<\/p>","protected":false},"featured_media":324,"comment_status":"open","ping_status":"closed","template":"","meta":[],"product_brand":[],"product_cat":[15],"product_tag":[],"class_list":{"0":"post-114","1":"product","2":"type-product","3":"status-publish","4":"has-post-thumbnail","6":"product_cat-smart-glasser","8":"first","9":"instock","10":"sale","11":"shipping-taxable","12":"purchasable","13":"product-type-simple"},"yoast_head":"<!-- This site is optimized with the Yoast SEO plugin v26.6 - https:\/\/yoast.com\/wordpress\/plugins\/seo\/ -->\n<title>Ai smart glasses - MULIQI Ltd<\/title>\n<meta name=\"robots\" content=\"index, follow, max-snippet:-1, max-image-preview:large, max-video-preview:-1\" \/>\n<link rel=\"canonical\" href=\"https:\/\/9warehouse.com\/fr\/produit\/gold-chain\/\" \/>\n<meta property=\"og:locale\" content=\"fr_FR\" \/>\n<meta property=\"og:type\" content=\"article\" \/>\n<meta property=\"og:title\" content=\"Ai smart glasses - MULIQI Ltd\" \/>\n<meta property=\"og:description\" content=\"Additional Supported Functions:  Supported Functions: 8MP photo capture, video recording, anti-shake photography, Wi-Fi transmission, dual-microphone noise reduction  voice wake-up  music playback  music control  phone calls  ChatGPT integration  image recognition  real-time translation  touch navigation  wear detection  &nbsp;\" \/>\n<meta property=\"og:url\" content=\"https:\/\/9warehouse.com\/fr\/produit\/gold-chain\/\" \/>\n<meta property=\"og:site_name\" content=\"MULIQI Ltd\" \/>\n<meta property=\"article:modified_time\" content=\"2026-01-31T08:45:00+00:00\" \/>\n<meta property=\"og:image\" content=\"https:\/\/9warehouse.com\/wp-content\/uploads\/2020\/07\/\u4e3b\u56fe1.png\" \/>\n\t<meta property=\"og:image:width\" content=\"2560\" \/>\n\t<meta property=\"og:image:height\" content=\"2560\" \/>\n\t<meta property=\"og:image:type\" content=\"image\/png\" \/>\n<meta name=\"twitter:card\" content=\"summary_large_image\" \/>\n<meta name=\"twitter:label1\" content=\"Dur\u00e9e de lecture estim\u00e9e\" \/>\n\t<meta name=\"twitter:data1\" content=\"1 minute\" \/>\n<script type=\"application\/ld+json\" class=\"yoast-schema-graph\">{\"@context\":\"https:\/\/schema.org\",\"@graph\":[{\"@type\":\"WebPage\",\"@id\":\"https:\/\/9warehouse.com\/product\/gold-chain\/\",\"url\":\"https:\/\/9warehouse.com\/product\/gold-chain\/\",\"name\":\"Ai smart glasses - MULIQI Ltd\",\"isPartOf\":{\"@id\":\"https:\/\/9warehouse.com\/#website\"},\"primaryImageOfPage\":{\"@id\":\"https:\/\/9warehouse.com\/product\/gold-chain\/#primaryimage\"},\"image\":{\"@id\":\"https:\/\/9warehouse.com\/product\/gold-chain\/#primaryimage\"},\"thumbnailUrl\":\"https:\/\/9warehouse.com\/wp-content\/uploads\/2020\/07\/\u4e3b\u56fe1.png\",\"datePublished\":\"2020-07-21T11:46:16+00:00\",\"dateModified\":\"2026-01-31T08:45:00+00:00\",\"breadcrumb\":{\"@id\":\"https:\/\/9warehouse.com\/product\/gold-chain\/#breadcrumb\"},\"inLanguage\":\"fr-FR\",\"potentialAction\":[{\"@type\":\"ReadAction\",\"target\":[\"https:\/\/9warehouse.com\/product\/gold-chain\/\"]}]},{\"@type\":\"ImageObject\",\"inLanguage\":\"fr-FR\",\"@id\":\"https:\/\/9warehouse.com\/product\/gold-chain\/#primaryimage\",\"url\":\"https:\/\/9warehouse.com\/wp-content\/uploads\/2020\/07\/\u4e3b\u56fe1.png\",\"contentUrl\":\"https:\/\/9warehouse.com\/wp-content\/uploads\/2020\/07\/\u4e3b\u56fe1.png\",\"width\":2560,\"height\":2560},{\"@type\":\"BreadcrumbList\",\"@id\":\"https:\/\/9warehouse.com\/product\/gold-chain\/#breadcrumb\",\"itemListElement\":[{\"@type\":\"ListItem\",\"position\":1,\"name\":\"Home\",\"item\":\"https:\/\/9warehouse.com\/\"},{\"@type\":\"ListItem\",\"position\":2,\"name\":\"Products\",\"item\":\"https:\/\/9warehouse.com\/products\/\"},{\"@type\":\"ListItem\",\"position\":3,\"name\":\"Ai smart glasses\"}]},{\"@type\":\"WebSite\",\"@id\":\"https:\/\/9warehouse.com\/#website\",\"url\":\"https:\/\/9warehouse.com\/\",\"name\":\"MULIQI Ltd\",\"description\":\"MULIQI Ltd\",\"potentialAction\":[{\"@type\":\"SearchAction\",\"target\":{\"@type\":\"EntryPoint\",\"urlTemplate\":\"https:\/\/9warehouse.com\/?s={search_term_string}\"},\"query-input\":{\"@type\":\"PropertyValueSpecification\",\"valueRequired\":true,\"valueName\":\"search_term_string\"}}],\"inLanguage\":\"fr-FR\"}]}<\/script>\n<!-- \/ Yoast SEO plugin. -->","yoast_head_json":{"title":"Ai smart glasses - MULIQI Ltd","robots":{"index":"index","follow":"follow","max-snippet":"max-snippet:-1","max-image-preview":"max-image-preview:large","max-video-preview":"max-video-preview:-1"},"canonical":"https:\/\/9warehouse.com\/fr\/produit\/gold-chain\/","og_locale":"fr_FR","og_type":"article","og_title":"Ai smart glasses - MULIQI Ltd","og_description":"Additional Supported Functions:  Supported Functions: 8MP photo capture, video recording, anti-shake photography, Wi-Fi transmission, dual-microphone noise reduction  voice wake-up  music playback  music control  phone calls  ChatGPT integration  image recognition  real-time translation  touch navigation  wear detection  &nbsp;","og_url":"https:\/\/9warehouse.com\/fr\/produit\/gold-chain\/","og_site_name":"MULIQI Ltd","article_modified_time":"2026-01-31T08:45:00+00:00","og_image":[{"width":2560,"height":2560,"url":"https:\/\/9warehouse.com\/wp-content\/uploads\/2020\/07\/\u4e3b\u56fe1.png","type":"image\/png"}],"twitter_card":"summary_large_image","twitter_misc":{"Dur\u00e9e de lecture estim\u00e9e":"1 minute"},"schema":{"@context":"https:\/\/schema.org","@graph":[{"@type":"WebPage","@id":"https:\/\/9warehouse.com\/product\/gold-chain\/","url":"https:\/\/9warehouse.com\/product\/gold-chain\/","name":"Ai smart glasses - MULIQI Ltd","isPartOf":{"@id":"https:\/\/9warehouse.com\/#website"},"primaryImageOfPage":{"@id":"https:\/\/9warehouse.com\/product\/gold-chain\/#primaryimage"},"image":{"@id":"https:\/\/9warehouse.com\/product\/gold-chain\/#primaryimage"},"thumbnailUrl":"https:\/\/9warehouse.com\/wp-content\/uploads\/2020\/07\/\u4e3b\u56fe1.png","datePublished":"2020-07-21T11:46:16+00:00","dateModified":"2026-01-31T08:45:00+00:00","breadcrumb":{"@id":"https:\/\/9warehouse.com\/product\/gold-chain\/#breadcrumb"},"inLanguage":"fr-FR","potentialAction":[{"@type":"ReadAction","target":["https:\/\/9warehouse.com\/product\/gold-chain\/"]}]},{"@type":"ImageObject","inLanguage":"fr-FR","@id":"https:\/\/9warehouse.com\/product\/gold-chain\/#primaryimage","url":"https:\/\/9warehouse.com\/wp-content\/uploads\/2020\/07\/\u4e3b\u56fe1.png","contentUrl":"https:\/\/9warehouse.com\/wp-content\/uploads\/2020\/07\/\u4e3b\u56fe1.png","width":2560,"height":2560},{"@type":"BreadcrumbList","@id":"https:\/\/9warehouse.com\/product\/gold-chain\/#breadcrumb","itemListElement":[{"@type":"ListItem","position":1,"name":"Home","item":"https:\/\/9warehouse.com\/"},{"@type":"ListItem","position":2,"name":"Products","item":"https:\/\/9warehouse.com\/products\/"},{"@type":"ListItem","position":3,"name":"Ai smart glasses"}]},{"@type":"WebSite","@id":"https:\/\/9warehouse.com\/#website","url":"https:\/\/9warehouse.com\/","name":"MULIQI Ltd","description":"MULIQI Ltd","potentialAction":[{"@type":"SearchAction","target":{"@type":"EntryPoint","urlTemplate":"https:\/\/9warehouse.com\/?s={search_term_string}"},"query-input":{"@type":"PropertyValueSpecification","valueRequired":true,"valueName":"search_term_string"}}],"inLanguage":"fr-FR"}]}},"_links":{"self":[{"href":"https:\/\/9warehouse.com\/fr\/wp-json\/wp\/v2\/product\/114","targetHints":{"allow":["GET"]}}],"collection":[{"href":"https:\/\/9warehouse.com\/fr\/wp-json\/wp\/v2\/product"}],"about":[{"href":"https:\/\/9warehouse.com\/fr\/wp-json\/wp\/v2\/types\/product"}],"replies":[{"embeddable":true,"href":"https:\/\/9warehouse.com\/fr\/wp-json\/wp\/v2\/comments?post=114"}],"wp:featuredmedia":[{"embeddable":true,"href":"https:\/\/9warehouse.com\/fr\/wp-json\/wp\/v2\/media\/324"}],"wp:attachment":[{"href":"https:\/\/9warehouse.com\/fr\/wp-json\/wp\/v2\/media?parent=114"}],"wp:term":[{"taxonomy":"product_brand","embeddable":true,"href":"https:\/\/9warehouse.com\/fr\/wp-json\/wp\/v2\/product_brand?post=114"},{"taxonomy":"product_cat","embeddable":true,"href":"https:\/\/9warehouse.com\/fr\/wp-json\/wp\/v2\/product_cat?post=114"},{"taxonomy":"product_tag","embeddable":true,"href":"https:\/\/9warehouse.com\/fr\/wp-json\/wp\/v2\/product_tag?post=114"}],"curies":[{"name":"wp","href":"https:\/\/api.w.org\/{rel}","templated":true}]}}