{"id":111,"date":"2020-07-21T11:40:55","date_gmt":"2020-07-21T11:40:55","guid":{"rendered":"https:\/\/9warehouse.com_el\/?post_type=product&#038;p=111"},"modified":"2026-01-31T09:17:38","modified_gmt":"2026-01-31T09:17:38","slug":"flip-flops","status":"publish","type":"product","link":"https:\/\/9warehouse.com\/fr\/produit\/flip-flops\/","title":{"rendered":"Lunettes IA"},"content":{"rendered":"<p><em><strong>Sp\u00e9cifications du produit<\/strong><\/em><br \/>\nPort\u00e9e de r\u00e9ception : 10 m\u00e8tres (Bluetooth 5.4)<br \/>\nCaract\u00e9ristiques du haut-parleur\u00a0: Yingxiang F10mm\u00a0; 7\u00a0\u03a9\u00a0: 105,5\u00a0dB \u00b13\u00a0dB\u00a0; Tension d\u2019entr\u00e9e de charge\u00a0: 5\u00a0V CC<br \/>\nCaract\u00e9ristiques de la batterie\u00a0: 70\u00a0mA x 2<br \/>\nM\u00e9thode de chargement : Double fixation magn\u00e9tique<br \/>\nTemps de charge : \u2264 50 min<br \/>\nLecture musicale continue\u00a0: environ 6 heures (volume 80%)<br \/>\nCourant de fonctionnement : \u226422 mA (le courant augmente avec le volume)<br \/>\nL\u00e9ger et invisible<br \/>\nPrend en charge les langues personnalis\u00e9es (par d\u00e9faut\u00a0: anglais)<br \/>\nLangues du manuel\u00a0: chinois, anglais, fran\u00e7ais, allemand, japonais, espagnol, italien, polonais, tch\u00e8que, danois, n\u00e9erlandais, hongrois, su\u00e9dois, grec<\/p>","protected":false},"excerpt":{"rendered":"<p><em><strong>Caract\u00e9ristiques du produit<\/strong><\/em><br \/>\n1 : Appels Bluetooth HD (Compatible avec les applications de traduction, la synth\u00e8se des enregistrements de r\u00e9unions et la cartographie mentale)<br \/>\n2 : Activation de l&#039;assistant vocal, navigation<br \/>\n3 : Lecture audio<br \/>\n4 : Contr\u00f4le \u00e0 distance de la cam\u00e9ra<br \/>\n5 : Verres teint\u00e9s \u00e0 protection UV \/ Verres gris<br \/>\nConvient pour : la conduite, le v\u00e9lo, les jeux vid\u00e9o, les voyages, la randonn\u00e9e, la p\u00eache, etc.<\/p>","protected":false},"featured_media":345,"comment_status":"open","ping_status":"closed","template":"","meta":[],"product_brand":[],"product_cat":[15],"product_tag":[],"class_list":{"0":"post-111","1":"product","2":"type-product","3":"status-publish","4":"has-post-thumbnail","6":"product_cat-smart-glasser","8":"first","9":"instock","10":"sale","11":"shipping-taxable","12":"purchasable","13":"product-type-simple"},"yoast_head":"<!-- This site is optimized with the Yoast SEO plugin v26.6 - https:\/\/yoast.com\/wordpress\/plugins\/seo\/ -->\n<title>AI glasses - MULIQI Ltd<\/title>\n<meta name=\"robots\" content=\"index, follow, max-snippet:-1, max-image-preview:large, max-video-preview:-1\" \/>\n<link rel=\"canonical\" href=\"https:\/\/9warehouse.com\/fr\/produit\/flip-flops\/\" \/>\n<meta property=\"og:locale\" content=\"fr_FR\" \/>\n<meta property=\"og:type\" content=\"article\" \/>\n<meta property=\"og:title\" content=\"AI glasses - MULIQI Ltd\" \/>\n<meta property=\"og:description\" content=\"Product Features 1: HD Bluetooth Calling (Compatible with translation apps, meeting recording summarization, mind mapping) 2: Voice Assistant Activation, Navigation 3: Audio Playback 4: Remote Camera Control 5: UV-Protective Tinted Lenses \/ Gray Lenses Suitable for: Driving, Cycling, Gaming, Traveling, Hiking, Fishing, etc.\" \/>\n<meta property=\"og:url\" content=\"https:\/\/9warehouse.com\/fr\/produit\/flip-flops\/\" \/>\n<meta property=\"og:site_name\" content=\"MULIQI Ltd\" \/>\n<meta property=\"article:modified_time\" content=\"2026-01-31T09:17:38+00:00\" \/>\n<meta property=\"og:image\" content=\"https:\/\/9warehouse.com\/wp-content\/uploads\/2020\/07\/GS17-1.jpg\" \/>\n\t<meta property=\"og:image:width\" content=\"2000\" \/>\n\t<meta property=\"og:image:height\" content=\"2000\" \/>\n\t<meta property=\"og:image:type\" content=\"image\/jpeg\" \/>\n<meta name=\"twitter:card\" content=\"summary_large_image\" \/>\n<meta name=\"twitter:label1\" content=\"Dur\u00e9e de lecture estim\u00e9e\" \/>\n\t<meta name=\"twitter:data1\" content=\"1 minute\" \/>\n<script type=\"application\/ld+json\" class=\"yoast-schema-graph\">{\"@context\":\"https:\/\/schema.org\",\"@graph\":[{\"@type\":\"WebPage\",\"@id\":\"https:\/\/9warehouse.com\/product\/flip-flops\/\",\"url\":\"https:\/\/9warehouse.com\/product\/flip-flops\/\",\"name\":\"AI glasses - MULIQI Ltd\",\"isPartOf\":{\"@id\":\"https:\/\/9warehouse.com\/#website\"},\"primaryImageOfPage\":{\"@id\":\"https:\/\/9warehouse.com\/product\/flip-flops\/#primaryimage\"},\"image\":{\"@id\":\"https:\/\/9warehouse.com\/product\/flip-flops\/#primaryimage\"},\"thumbnailUrl\":\"https:\/\/9warehouse.com\/wp-content\/uploads\/2020\/07\/GS17-1.jpg\",\"datePublished\":\"2020-07-21T11:40:55+00:00\",\"dateModified\":\"2026-01-31T09:17:38+00:00\",\"breadcrumb\":{\"@id\":\"https:\/\/9warehouse.com\/product\/flip-flops\/#breadcrumb\"},\"inLanguage\":\"fr-FR\",\"potentialAction\":[{\"@type\":\"ReadAction\",\"target\":[\"https:\/\/9warehouse.com\/product\/flip-flops\/\"]}]},{\"@type\":\"ImageObject\",\"inLanguage\":\"fr-FR\",\"@id\":\"https:\/\/9warehouse.com\/product\/flip-flops\/#primaryimage\",\"url\":\"https:\/\/9warehouse.com\/wp-content\/uploads\/2020\/07\/GS17-1.jpg\",\"contentUrl\":\"https:\/\/9warehouse.com\/wp-content\/uploads\/2020\/07\/GS17-1.jpg\",\"width\":2000,\"height\":2000},{\"@type\":\"BreadcrumbList\",\"@id\":\"https:\/\/9warehouse.com\/product\/flip-flops\/#breadcrumb\",\"itemListElement\":[{\"@type\":\"ListItem\",\"position\":1,\"name\":\"Home\",\"item\":\"https:\/\/9warehouse.com\/\"},{\"@type\":\"ListItem\",\"position\":2,\"name\":\"Products\",\"item\":\"https:\/\/9warehouse.com\/products\/\"},{\"@type\":\"ListItem\",\"position\":3,\"name\":\"AI glasses\"}]},{\"@type\":\"WebSite\",\"@id\":\"https:\/\/9warehouse.com\/#website\",\"url\":\"https:\/\/9warehouse.com\/\",\"name\":\"MULIQI Ltd\",\"description\":\"MULIQI Ltd\",\"potentialAction\":[{\"@type\":\"SearchAction\",\"target\":{\"@type\":\"EntryPoint\",\"urlTemplate\":\"https:\/\/9warehouse.com\/?s={search_term_string}\"},\"query-input\":{\"@type\":\"PropertyValueSpecification\",\"valueRequired\":true,\"valueName\":\"search_term_string\"}}],\"inLanguage\":\"fr-FR\"}]}<\/script>\n<!-- \/ Yoast SEO plugin. -->","yoast_head_json":{"title":"AI glasses - MULIQI Ltd","robots":{"index":"index","follow":"follow","max-snippet":"max-snippet:-1","max-image-preview":"max-image-preview:large","max-video-preview":"max-video-preview:-1"},"canonical":"https:\/\/9warehouse.com\/fr\/produit\/flip-flops\/","og_locale":"fr_FR","og_type":"article","og_title":"AI glasses - MULIQI Ltd","og_description":"Product Features 1: HD Bluetooth Calling (Compatible with translation apps, meeting recording summarization, mind mapping) 2: Voice Assistant Activation, Navigation 3: Audio Playback 4: Remote Camera Control 5: UV-Protective Tinted Lenses \/ Gray Lenses Suitable for: Driving, Cycling, Gaming, Traveling, Hiking, Fishing, etc.","og_url":"https:\/\/9warehouse.com\/fr\/produit\/flip-flops\/","og_site_name":"MULIQI Ltd","article_modified_time":"2026-01-31T09:17:38+00:00","og_image":[{"width":2000,"height":2000,"url":"https:\/\/9warehouse.com\/wp-content\/uploads\/2020\/07\/GS17-1.jpg","type":"image\/jpeg"}],"twitter_card":"summary_large_image","twitter_misc":{"Dur\u00e9e de lecture estim\u00e9e":"1 minute"},"schema":{"@context":"https:\/\/schema.org","@graph":[{"@type":"WebPage","@id":"https:\/\/9warehouse.com\/product\/flip-flops\/","url":"https:\/\/9warehouse.com\/product\/flip-flops\/","name":"AI glasses - MULIQI Ltd","isPartOf":{"@id":"https:\/\/9warehouse.com\/#website"},"primaryImageOfPage":{"@id":"https:\/\/9warehouse.com\/product\/flip-flops\/#primaryimage"},"image":{"@id":"https:\/\/9warehouse.com\/product\/flip-flops\/#primaryimage"},"thumbnailUrl":"https:\/\/9warehouse.com\/wp-content\/uploads\/2020\/07\/GS17-1.jpg","datePublished":"2020-07-21T11:40:55+00:00","dateModified":"2026-01-31T09:17:38+00:00","breadcrumb":{"@id":"https:\/\/9warehouse.com\/product\/flip-flops\/#breadcrumb"},"inLanguage":"fr-FR","potentialAction":[{"@type":"ReadAction","target":["https:\/\/9warehouse.com\/product\/flip-flops\/"]}]},{"@type":"ImageObject","inLanguage":"fr-FR","@id":"https:\/\/9warehouse.com\/product\/flip-flops\/#primaryimage","url":"https:\/\/9warehouse.com\/wp-content\/uploads\/2020\/07\/GS17-1.jpg","contentUrl":"https:\/\/9warehouse.com\/wp-content\/uploads\/2020\/07\/GS17-1.jpg","width":2000,"height":2000},{"@type":"BreadcrumbList","@id":"https:\/\/9warehouse.com\/product\/flip-flops\/#breadcrumb","itemListElement":[{"@type":"ListItem","position":1,"name":"Home","item":"https:\/\/9warehouse.com\/"},{"@type":"ListItem","position":2,"name":"Products","item":"https:\/\/9warehouse.com\/products\/"},{"@type":"ListItem","position":3,"name":"AI glasses"}]},{"@type":"WebSite","@id":"https:\/\/9warehouse.com\/#website","url":"https:\/\/9warehouse.com\/","name":"MULIQI Ltd","description":"MULIQI Ltd","potentialAction":[{"@type":"SearchAction","target":{"@type":"EntryPoint","urlTemplate":"https:\/\/9warehouse.com\/?s={search_term_string}"},"query-input":{"@type":"PropertyValueSpecification","valueRequired":true,"valueName":"search_term_string"}}],"inLanguage":"fr-FR"}]}},"_links":{"self":[{"href":"https:\/\/9warehouse.com\/fr\/wp-json\/wp\/v2\/product\/111","targetHints":{"allow":["GET"]}}],"collection":[{"href":"https:\/\/9warehouse.com\/fr\/wp-json\/wp\/v2\/product"}],"about":[{"href":"https:\/\/9warehouse.com\/fr\/wp-json\/wp\/v2\/types\/product"}],"replies":[{"embeddable":true,"href":"https:\/\/9warehouse.com\/fr\/wp-json\/wp\/v2\/comments?post=111"}],"wp:featuredmedia":[{"embeddable":true,"href":"https:\/\/9warehouse.com\/fr\/wp-json\/wp\/v2\/media\/345"}],"wp:attachment":[{"href":"https:\/\/9warehouse.com\/fr\/wp-json\/wp\/v2\/media?parent=111"}],"wp:term":[{"taxonomy":"product_brand","embeddable":true,"href":"https:\/\/9warehouse.com\/fr\/wp-json\/wp\/v2\/product_brand?post=111"},{"taxonomy":"product_cat","embeddable":true,"href":"https:\/\/9warehouse.com\/fr\/wp-json\/wp\/v2\/product_cat?post=111"},{"taxonomy":"product_tag","embeddable":true,"href":"https:\/\/9warehouse.com\/fr\/wp-json\/wp\/v2\/product_tag?post=111"}],"curies":[{"name":"wp","href":"https:\/\/api.w.org\/{rel}","templated":true}]}}