{"id":114,"date":"2020-07-21T11:46:16","date_gmt":"2020-07-21T11:46:16","guid":{"rendered":"https:\/\/9warehouse.com_el\/?post_type=product&#038;p=114"},"modified":"2026-01-31T08:45:00","modified_gmt":"2026-01-31T08:45:00","slug":"gold-chain","status":"publish","type":"product","link":"https:\/\/9warehouse.com\/es\/producto\/gold-chain\/","title":{"rendered":"Gafas inteligentes con IA"},"content":{"rendered":"<p><em><strong>Especificaciones del producto:<\/strong><\/em><\/p>\n<p>================================================<\/p>\n<p>Wi-Fi: 5 GHz<\/p>\n<p>Alcance de recepci\u00f3n Bluetooth: \u226510 metros<\/p>\n<p>Frecuencia de funcionamiento: 2,402 GHz\u20132,480 GHz<\/p>\n<p>Potencia de transmisi\u00f3n: CLASE 2, M\u00c1X. 4 dbm<\/p>\n<p>Relaci\u00f3n se\u00f1al-ruido: -89dBV<\/p>\n<p>Distorsi\u00f3n: &lt;1%<\/p>\n<p>Frecuencia de funcionamiento: 20 Hz \u2013 20 kHz<\/p>\n<p>Voltaje de entrada de carga: CC 5 V \u00b1 0,25 V<\/p>\n<p>Especificaciones de la bater\u00eda: 3,8 V\/280 mAh<\/p>\n<p>Voltaje de funcionamiento: 3,8 V (3,3-4,2 V)<\/p>\n<p>Tiempo de carga: \u22642 horas<\/p>\n<p>Corriente en espera: \u22645\u03bcA<\/p>\n<p>Sensibilidad del micr\u00f3fono: -42 \u00b1 3 dB Alerta de bajo voltaje: 3,0 V<\/p>\n<p>Tiempo de reproducci\u00f3n continua de m\u00fasica: Aprox. 5 horas (volumen 80%)<\/p>\n<p>Corriente de funcionamiento: \u226430 mA (la corriente aumenta con el volumen)<\/p>\n<p>Corriente de grabaci\u00f3n de c\u00e1mara\/v\u00eddeo: \u2264210 mA<\/p>\n<p>==================================================<\/p>\n<p><em><strong>Funci\u00f3n de traducci\u00f3n<\/strong><\/em><\/p>\n<p>Idiomas compatibles: Compatibilidad de idiomas de la aplicaci\u00f3n: chino tradicional, chino simplificado, vietnamita, turco, tailand\u00e9s, eslovaco, ruso, rumano, portugu\u00e9s, polaco, holand\u00e9s, coreano, italiano, indonesio, h\u00fangaro, hindi, franc\u00e9s, espa\u00f1ol, griego, alem\u00e1n, checo, \u00e1rabe, ingl\u00e9s, urdu<\/p>\n<p>Idiomas compatibles con la funci\u00f3n de traducci\u00f3n: chino simplificado, ingl\u00e9s, franc\u00e9s, alem\u00e1n, espa\u00f1ol, japon\u00e9s, italiano, hindi, coreano, tailand\u00e9s, ruso, vietnamita, malayo, indonesio, griego, checo, rumano, sueco, holand\u00e9s, polaco, \u00e1rabe, persa, urdu, turco, h\u00fangaro, hebreo<\/p>","protected":false},"excerpt":{"rendered":"<p><em><strong>Funciones adicionales admitidas:<\/strong><\/em><\/p>\n<p>Funciones compatibles: captura de fotos de 8 MP, grabaci\u00f3n de video, fotograf\u00eda antivibraci\u00f3n, transmisi\u00f3n Wi-Fi, reducci\u00f3n de ruido de micr\u00f3fono dual<\/p>\n<p>despertador de voz<\/p>\n<p>reproducci\u00f3n de m\u00fasica<\/p>\n<p>control de m\u00fasica<\/p>\n<p>llamadas telef\u00f3nicas<\/p>\n<p>Integraci\u00f3n de ChatGPT<\/p>\n<p>reconocimiento de im\u00e1genes<\/p>\n<p>traducci\u00f3n en tiempo real<\/p>\n<p>navegaci\u00f3n t\u00e1ctil<\/p>\n<p>detecci\u00f3n de desgaste<\/p>\n<p>&nbsp;<\/p>","protected":false},"featured_media":324,"comment_status":"open","ping_status":"closed","template":"","meta":[],"product_brand":[],"product_cat":[15],"product_tag":[],"class_list":{"0":"post-114","1":"product","2":"type-product","3":"status-publish","4":"has-post-thumbnail","6":"product_cat-smart-glasser","8":"first","9":"instock","10":"sale","11":"shipping-taxable","12":"purchasable","13":"product-type-simple"},"yoast_head":"<!-- This site is optimized with the Yoast SEO plugin v26.6 - https:\/\/yoast.com\/wordpress\/plugins\/seo\/ -->\n<title>Ai smart glasses - MULIQI Ltd<\/title>\n<meta name=\"robots\" content=\"index, follow, max-snippet:-1, max-image-preview:large, max-video-preview:-1\" \/>\n<link rel=\"canonical\" href=\"https:\/\/9warehouse.com\/es\/producto\/gold-chain\/\" \/>\n<meta property=\"og:locale\" content=\"es_ES\" \/>\n<meta property=\"og:type\" content=\"article\" \/>\n<meta property=\"og:title\" content=\"Ai smart glasses - MULIQI Ltd\" \/>\n<meta property=\"og:description\" content=\"Additional Supported Functions:  Supported Functions: 8MP photo capture, video recording, anti-shake photography, Wi-Fi transmission, dual-microphone noise reduction  voice wake-up  music playback  music control  phone calls  ChatGPT integration  image recognition  real-time translation  touch navigation  wear detection  &nbsp;\" \/>\n<meta property=\"og:url\" content=\"https:\/\/9warehouse.com\/es\/producto\/gold-chain\/\" \/>\n<meta property=\"og:site_name\" content=\"MULIQI Ltd\" \/>\n<meta property=\"article:modified_time\" content=\"2026-01-31T08:45:00+00:00\" \/>\n<meta property=\"og:image\" content=\"https:\/\/9warehouse.com\/wp-content\/uploads\/2020\/07\/\u4e3b\u56fe1.png\" \/>\n\t<meta property=\"og:image:width\" content=\"2560\" \/>\n\t<meta property=\"og:image:height\" content=\"2560\" \/>\n\t<meta property=\"og:image:type\" content=\"image\/png\" \/>\n<meta name=\"twitter:card\" content=\"summary_large_image\" \/>\n<meta name=\"twitter:label1\" content=\"Tiempo de lectura\" \/>\n\t<meta name=\"twitter:data1\" content=\"1 minuto\" \/>\n<script type=\"application\/ld+json\" class=\"yoast-schema-graph\">{\"@context\":\"https:\/\/schema.org\",\"@graph\":[{\"@type\":\"WebPage\",\"@id\":\"https:\/\/9warehouse.com\/product\/gold-chain\/\",\"url\":\"https:\/\/9warehouse.com\/product\/gold-chain\/\",\"name\":\"Ai smart glasses - MULIQI Ltd\",\"isPartOf\":{\"@id\":\"https:\/\/9warehouse.com\/#website\"},\"primaryImageOfPage\":{\"@id\":\"https:\/\/9warehouse.com\/product\/gold-chain\/#primaryimage\"},\"image\":{\"@id\":\"https:\/\/9warehouse.com\/product\/gold-chain\/#primaryimage\"},\"thumbnailUrl\":\"https:\/\/9warehouse.com\/wp-content\/uploads\/2020\/07\/\u4e3b\u56fe1.png\",\"datePublished\":\"2020-07-21T11:46:16+00:00\",\"dateModified\":\"2026-01-31T08:45:00+00:00\",\"breadcrumb\":{\"@id\":\"https:\/\/9warehouse.com\/product\/gold-chain\/#breadcrumb\"},\"inLanguage\":\"es\",\"potentialAction\":[{\"@type\":\"ReadAction\",\"target\":[\"https:\/\/9warehouse.com\/product\/gold-chain\/\"]}]},{\"@type\":\"ImageObject\",\"inLanguage\":\"es\",\"@id\":\"https:\/\/9warehouse.com\/product\/gold-chain\/#primaryimage\",\"url\":\"https:\/\/9warehouse.com\/wp-content\/uploads\/2020\/07\/\u4e3b\u56fe1.png\",\"contentUrl\":\"https:\/\/9warehouse.com\/wp-content\/uploads\/2020\/07\/\u4e3b\u56fe1.png\",\"width\":2560,\"height\":2560},{\"@type\":\"BreadcrumbList\",\"@id\":\"https:\/\/9warehouse.com\/product\/gold-chain\/#breadcrumb\",\"itemListElement\":[{\"@type\":\"ListItem\",\"position\":1,\"name\":\"Home\",\"item\":\"https:\/\/9warehouse.com\/\"},{\"@type\":\"ListItem\",\"position\":2,\"name\":\"Products\",\"item\":\"https:\/\/9warehouse.com\/products\/\"},{\"@type\":\"ListItem\",\"position\":3,\"name\":\"Ai smart glasses\"}]},{\"@type\":\"WebSite\",\"@id\":\"https:\/\/9warehouse.com\/#website\",\"url\":\"https:\/\/9warehouse.com\/\",\"name\":\"MULIQI Ltd\",\"description\":\"MULIQI Ltd\",\"potentialAction\":[{\"@type\":\"SearchAction\",\"target\":{\"@type\":\"EntryPoint\",\"urlTemplate\":\"https:\/\/9warehouse.com\/?s={search_term_string}\"},\"query-input\":{\"@type\":\"PropertyValueSpecification\",\"valueRequired\":true,\"valueName\":\"search_term_string\"}}],\"inLanguage\":\"es\"}]}<\/script>\n<!-- \/ Yoast SEO plugin. -->","yoast_head_json":{"title":"Ai smart glasses - MULIQI Ltd","robots":{"index":"index","follow":"follow","max-snippet":"max-snippet:-1","max-image-preview":"max-image-preview:large","max-video-preview":"max-video-preview:-1"},"canonical":"https:\/\/9warehouse.com\/es\/producto\/gold-chain\/","og_locale":"es_ES","og_type":"article","og_title":"Ai smart glasses - MULIQI Ltd","og_description":"Additional Supported Functions:  Supported Functions: 8MP photo capture, video recording, anti-shake photography, Wi-Fi transmission, dual-microphone noise reduction  voice wake-up  music playback  music control  phone calls  ChatGPT integration  image recognition  real-time translation  touch navigation  wear detection  &nbsp;","og_url":"https:\/\/9warehouse.com\/es\/producto\/gold-chain\/","og_site_name":"MULIQI Ltd","article_modified_time":"2026-01-31T08:45:00+00:00","og_image":[{"width":2560,"height":2560,"url":"https:\/\/9warehouse.com\/wp-content\/uploads\/2020\/07\/\u4e3b\u56fe1.png","type":"image\/png"}],"twitter_card":"summary_large_image","twitter_misc":{"Tiempo de lectura":"1 minuto"},"schema":{"@context":"https:\/\/schema.org","@graph":[{"@type":"WebPage","@id":"https:\/\/9warehouse.com\/product\/gold-chain\/","url":"https:\/\/9warehouse.com\/product\/gold-chain\/","name":"Ai smart glasses - MULIQI Ltd","isPartOf":{"@id":"https:\/\/9warehouse.com\/#website"},"primaryImageOfPage":{"@id":"https:\/\/9warehouse.com\/product\/gold-chain\/#primaryimage"},"image":{"@id":"https:\/\/9warehouse.com\/product\/gold-chain\/#primaryimage"},"thumbnailUrl":"https:\/\/9warehouse.com\/wp-content\/uploads\/2020\/07\/\u4e3b\u56fe1.png","datePublished":"2020-07-21T11:46:16+00:00","dateModified":"2026-01-31T08:45:00+00:00","breadcrumb":{"@id":"https:\/\/9warehouse.com\/product\/gold-chain\/#breadcrumb"},"inLanguage":"es","potentialAction":[{"@type":"ReadAction","target":["https:\/\/9warehouse.com\/product\/gold-chain\/"]}]},{"@type":"ImageObject","inLanguage":"es","@id":"https:\/\/9warehouse.com\/product\/gold-chain\/#primaryimage","url":"https:\/\/9warehouse.com\/wp-content\/uploads\/2020\/07\/\u4e3b\u56fe1.png","contentUrl":"https:\/\/9warehouse.com\/wp-content\/uploads\/2020\/07\/\u4e3b\u56fe1.png","width":2560,"height":2560},{"@type":"BreadcrumbList","@id":"https:\/\/9warehouse.com\/product\/gold-chain\/#breadcrumb","itemListElement":[{"@type":"ListItem","position":1,"name":"Home","item":"https:\/\/9warehouse.com\/"},{"@type":"ListItem","position":2,"name":"Products","item":"https:\/\/9warehouse.com\/products\/"},{"@type":"ListItem","position":3,"name":"Ai smart glasses"}]},{"@type":"WebSite","@id":"https:\/\/9warehouse.com\/#website","url":"https:\/\/9warehouse.com\/","name":"MULIQI Ltd","description":"MULIQI Ltd","potentialAction":[{"@type":"SearchAction","target":{"@type":"EntryPoint","urlTemplate":"https:\/\/9warehouse.com\/?s={search_term_string}"},"query-input":{"@type":"PropertyValueSpecification","valueRequired":true,"valueName":"search_term_string"}}],"inLanguage":"es"}]}},"_links":{"self":[{"href":"https:\/\/9warehouse.com\/es\/wp-json\/wp\/v2\/product\/114","targetHints":{"allow":["GET"]}}],"collection":[{"href":"https:\/\/9warehouse.com\/es\/wp-json\/wp\/v2\/product"}],"about":[{"href":"https:\/\/9warehouse.com\/es\/wp-json\/wp\/v2\/types\/product"}],"replies":[{"embeddable":true,"href":"https:\/\/9warehouse.com\/es\/wp-json\/wp\/v2\/comments?post=114"}],"wp:featuredmedia":[{"embeddable":true,"href":"https:\/\/9warehouse.com\/es\/wp-json\/wp\/v2\/media\/324"}],"wp:attachment":[{"href":"https:\/\/9warehouse.com\/es\/wp-json\/wp\/v2\/media?parent=114"}],"wp:term":[{"taxonomy":"product_brand","embeddable":true,"href":"https:\/\/9warehouse.com\/es\/wp-json\/wp\/v2\/product_brand?post=114"},{"taxonomy":"product_cat","embeddable":true,"href":"https:\/\/9warehouse.com\/es\/wp-json\/wp\/v2\/product_cat?post=114"},{"taxonomy":"product_tag","embeddable":true,"href":"https:\/\/9warehouse.com\/es\/wp-json\/wp\/v2\/product_tag?post=114"}],"curies":[{"name":"wp","href":"https:\/\/api.w.org\/{rel}","templated":true}]}}