{"id":113,"date":"2020-07-21T11:44:12","date_gmt":"2020-07-21T11:44:12","guid":{"rendered":"https:\/\/9warehouse.com_el\/?post_type=product&#038;p=113"},"modified":"2026-01-31T08:40:00","modified_gmt":"2026-01-31T08:40:00","slug":"lipstick","status":"publish","type":"product","link":"https:\/\/9warehouse.com\/es\/producto\/lipstick\/","title":{"rendered":"Gafas inteligentes con IA"},"content":{"rendered":"<p><em><strong>Especificaciones del producto:<\/strong><\/em><\/p>\n<p>Alcance de recepci\u00f3n: 10 metros (Bluetooth 5.4)<br \/>\nEspecificaciones del altavoz: Yingxiang F10 mm; 7 \u03a9: 105,5 dB \u00b1 3 dB. Voltaje de entrada de carga: 5 V CC.<br \/>\nEspecificaciones de la bater\u00eda: 70 mA*2<br \/>\nM\u00e9todo de carga: carga magn\u00e9tica dual<br \/>\nTiempo de carga: \u226450 min<br \/>\nReproducci\u00f3n continua de m\u00fasica: Aprox. 6 horas (volumen 80%)<br \/>\nCorriente de funcionamiento: \u226422 mA (la corriente aumenta con el volumen)<br \/>\nLigero, de uso invisible<br \/>\nAdmite idiomas personalizados (predeterminado: ingl\u00e9s)<br \/>\nIdiomas del manual: chino, ingl\u00e9s, franc\u00e9s, alem\u00e1n, japon\u00e9s, espa\u00f1ol, italiano, polaco, checo, dan\u00e9s, holand\u00e9s, h\u00fangaro, sueco, griego<\/p>\n<p>Traducido con DeepL.com (versi\u00f3n gratuita)<\/p>","protected":false},"excerpt":{"rendered":"<p><em><strong>Caracter\u00edsticas del producto:<\/strong><\/em><\/p>\n<p>1: Llamadas Bluetooth HD (compatible con aplicaciones de traducci\u00f3n, resumen de grabaciones de reuniones y mapas mentales)<br \/>\n2: Activaci\u00f3n del asistente de voz, navegaci\u00f3n<br \/>\n3: Reproducci\u00f3n de audio<br \/>\n4: Control remoto de la c\u00e1mara<br \/>\n5: Gafas de sol con protecci\u00f3n solar UV400 de alta polarizaci\u00f3n (aptas para prescripci\u00f3n m\u00e9dica)<\/p>\n<p>Aplicaciones: Conducir, andar en bicicleta, jugar, viajar, hacer senderismo, pescar, etc.<\/p>","protected":false},"featured_media":328,"comment_status":"open","ping_status":"closed","template":"","meta":[],"product_brand":[],"product_cat":[15],"product_tag":[],"class_list":{"0":"post-113","1":"product","2":"type-product","3":"status-publish","4":"has-post-thumbnail","6":"product_cat-smart-glasser","8":"first","9":"instock","10":"sale","11":"shipping-taxable","12":"purchasable","13":"product-type-simple"},"yoast_head":"<!-- This site is optimized with the Yoast SEO plugin v26.6 - https:\/\/yoast.com\/wordpress\/plugins\/seo\/ -->\n<title>Ai smart glasses - MULIQI Ltd<\/title>\n<meta name=\"robots\" content=\"index, follow, max-snippet:-1, max-image-preview:large, max-video-preview:-1\" \/>\n<link rel=\"canonical\" href=\"https:\/\/9warehouse.com\/es\/producto\/lipstick\/\" \/>\n<meta property=\"og:locale\" content=\"es_ES\" \/>\n<meta property=\"og:type\" content=\"article\" \/>\n<meta property=\"og:title\" content=\"Ai smart glasses - MULIQI Ltd\" \/>\n<meta property=\"og:description\" content=\"Product Features:  1: HD Bluetooth Calling (Compatible with translation apps, meeting recording summarization, mind mapping) 2: Voice Assistant Activation, Navigation 3: Audio Playback 4: Remote Camera Control 5: High-Polarization UV400 Sun Protection Sunglasses (Prescription-Ready)  Applications: Driving, Cycling, Gaming, Travel, Hiking, Fishing, etc.\" \/>\n<meta property=\"og:url\" content=\"https:\/\/9warehouse.com\/es\/producto\/lipstick\/\" \/>\n<meta property=\"og:site_name\" content=\"MULIQI Ltd\" \/>\n<meta property=\"article:modified_time\" content=\"2026-01-31T08:40:00+00:00\" \/>\n<meta property=\"og:image\" content=\"https:\/\/9warehouse.com\/wp-content\/uploads\/2020\/07\/GS08-1.jpg\" \/>\n\t<meta property=\"og:image:width\" content=\"2560\" \/>\n\t<meta property=\"og:image:height\" content=\"2560\" \/>\n\t<meta property=\"og:image:type\" content=\"image\/jpeg\" \/>\n<meta name=\"twitter:card\" content=\"summary_large_image\" \/>\n<meta name=\"twitter:label1\" content=\"Tiempo de lectura\" \/>\n\t<meta name=\"twitter:data1\" content=\"1 minuto\" \/>\n<script type=\"application\/ld+json\" class=\"yoast-schema-graph\">{\"@context\":\"https:\/\/schema.org\",\"@graph\":[{\"@type\":\"WebPage\",\"@id\":\"https:\/\/9warehouse.com\/product\/lipstick\/\",\"url\":\"https:\/\/9warehouse.com\/product\/lipstick\/\",\"name\":\"Ai smart glasses - MULIQI Ltd\",\"isPartOf\":{\"@id\":\"https:\/\/9warehouse.com\/#website\"},\"primaryImageOfPage\":{\"@id\":\"https:\/\/9warehouse.com\/product\/lipstick\/#primaryimage\"},\"image\":{\"@id\":\"https:\/\/9warehouse.com\/product\/lipstick\/#primaryimage\"},\"thumbnailUrl\":\"https:\/\/9warehouse.com\/wp-content\/uploads\/2020\/07\/GS08-1.jpg\",\"datePublished\":\"2020-07-21T11:44:12+00:00\",\"dateModified\":\"2026-01-31T08:40:00+00:00\",\"breadcrumb\":{\"@id\":\"https:\/\/9warehouse.com\/product\/lipstick\/#breadcrumb\"},\"inLanguage\":\"es\",\"potentialAction\":[{\"@type\":\"ReadAction\",\"target\":[\"https:\/\/9warehouse.com\/product\/lipstick\/\"]}]},{\"@type\":\"ImageObject\",\"inLanguage\":\"es\",\"@id\":\"https:\/\/9warehouse.com\/product\/lipstick\/#primaryimage\",\"url\":\"https:\/\/9warehouse.com\/wp-content\/uploads\/2020\/07\/GS08-1.jpg\",\"contentUrl\":\"https:\/\/9warehouse.com\/wp-content\/uploads\/2020\/07\/GS08-1.jpg\",\"width\":2560,\"height\":2560},{\"@type\":\"BreadcrumbList\",\"@id\":\"https:\/\/9warehouse.com\/product\/lipstick\/#breadcrumb\",\"itemListElement\":[{\"@type\":\"ListItem\",\"position\":1,\"name\":\"Home\",\"item\":\"https:\/\/9warehouse.com\/\"},{\"@type\":\"ListItem\",\"position\":2,\"name\":\"Products\",\"item\":\"https:\/\/9warehouse.com\/products\/\"},{\"@type\":\"ListItem\",\"position\":3,\"name\":\"Ai smart glasses\"}]},{\"@type\":\"WebSite\",\"@id\":\"https:\/\/9warehouse.com\/#website\",\"url\":\"https:\/\/9warehouse.com\/\",\"name\":\"MULIQI Ltd\",\"description\":\"MULIQI Ltd\",\"potentialAction\":[{\"@type\":\"SearchAction\",\"target\":{\"@type\":\"EntryPoint\",\"urlTemplate\":\"https:\/\/9warehouse.com\/?s={search_term_string}\"},\"query-input\":{\"@type\":\"PropertyValueSpecification\",\"valueRequired\":true,\"valueName\":\"search_term_string\"}}],\"inLanguage\":\"es\"}]}<\/script>\n<!-- \/ Yoast SEO plugin. -->","yoast_head_json":{"title":"Ai smart glasses - MULIQI Ltd","robots":{"index":"index","follow":"follow","max-snippet":"max-snippet:-1","max-image-preview":"max-image-preview:large","max-video-preview":"max-video-preview:-1"},"canonical":"https:\/\/9warehouse.com\/es\/producto\/lipstick\/","og_locale":"es_ES","og_type":"article","og_title":"Ai smart glasses - MULIQI Ltd","og_description":"Product Features:  1: HD Bluetooth Calling (Compatible with translation apps, meeting recording summarization, mind mapping) 2: Voice Assistant Activation, Navigation 3: Audio Playback 4: Remote Camera Control 5: High-Polarization UV400 Sun Protection Sunglasses (Prescription-Ready)  Applications: Driving, Cycling, Gaming, Travel, Hiking, Fishing, etc.","og_url":"https:\/\/9warehouse.com\/es\/producto\/lipstick\/","og_site_name":"MULIQI Ltd","article_modified_time":"2026-01-31T08:40:00+00:00","og_image":[{"width":2560,"height":2560,"url":"https:\/\/9warehouse.com\/wp-content\/uploads\/2020\/07\/GS08-1.jpg","type":"image\/jpeg"}],"twitter_card":"summary_large_image","twitter_misc":{"Tiempo de lectura":"1 minuto"},"schema":{"@context":"https:\/\/schema.org","@graph":[{"@type":"WebPage","@id":"https:\/\/9warehouse.com\/product\/lipstick\/","url":"https:\/\/9warehouse.com\/product\/lipstick\/","name":"Ai smart glasses - MULIQI Ltd","isPartOf":{"@id":"https:\/\/9warehouse.com\/#website"},"primaryImageOfPage":{"@id":"https:\/\/9warehouse.com\/product\/lipstick\/#primaryimage"},"image":{"@id":"https:\/\/9warehouse.com\/product\/lipstick\/#primaryimage"},"thumbnailUrl":"https:\/\/9warehouse.com\/wp-content\/uploads\/2020\/07\/GS08-1.jpg","datePublished":"2020-07-21T11:44:12+00:00","dateModified":"2026-01-31T08:40:00+00:00","breadcrumb":{"@id":"https:\/\/9warehouse.com\/product\/lipstick\/#breadcrumb"},"inLanguage":"es","potentialAction":[{"@type":"ReadAction","target":["https:\/\/9warehouse.com\/product\/lipstick\/"]}]},{"@type":"ImageObject","inLanguage":"es","@id":"https:\/\/9warehouse.com\/product\/lipstick\/#primaryimage","url":"https:\/\/9warehouse.com\/wp-content\/uploads\/2020\/07\/GS08-1.jpg","contentUrl":"https:\/\/9warehouse.com\/wp-content\/uploads\/2020\/07\/GS08-1.jpg","width":2560,"height":2560},{"@type":"BreadcrumbList","@id":"https:\/\/9warehouse.com\/product\/lipstick\/#breadcrumb","itemListElement":[{"@type":"ListItem","position":1,"name":"Home","item":"https:\/\/9warehouse.com\/"},{"@type":"ListItem","position":2,"name":"Products","item":"https:\/\/9warehouse.com\/products\/"},{"@type":"ListItem","position":3,"name":"Ai smart glasses"}]},{"@type":"WebSite","@id":"https:\/\/9warehouse.com\/#website","url":"https:\/\/9warehouse.com\/","name":"MULIQI Ltd","description":"MULIQI Ltd","potentialAction":[{"@type":"SearchAction","target":{"@type":"EntryPoint","urlTemplate":"https:\/\/9warehouse.com\/?s={search_term_string}"},"query-input":{"@type":"PropertyValueSpecification","valueRequired":true,"valueName":"search_term_string"}}],"inLanguage":"es"}]}},"_links":{"self":[{"href":"https:\/\/9warehouse.com\/es\/wp-json\/wp\/v2\/product\/113","targetHints":{"allow":["GET"]}}],"collection":[{"href":"https:\/\/9warehouse.com\/es\/wp-json\/wp\/v2\/product"}],"about":[{"href":"https:\/\/9warehouse.com\/es\/wp-json\/wp\/v2\/types\/product"}],"replies":[{"embeddable":true,"href":"https:\/\/9warehouse.com\/es\/wp-json\/wp\/v2\/comments?post=113"}],"wp:featuredmedia":[{"embeddable":true,"href":"https:\/\/9warehouse.com\/es\/wp-json\/wp\/v2\/media\/328"}],"wp:attachment":[{"href":"https:\/\/9warehouse.com\/es\/wp-json\/wp\/v2\/media?parent=113"}],"wp:term":[{"taxonomy":"product_brand","embeddable":true,"href":"https:\/\/9warehouse.com\/es\/wp-json\/wp\/v2\/product_brand?post=113"},{"taxonomy":"product_cat","embeddable":true,"href":"https:\/\/9warehouse.com\/es\/wp-json\/wp\/v2\/product_cat?post=113"},{"taxonomy":"product_tag","embeddable":true,"href":"https:\/\/9warehouse.com\/es\/wp-json\/wp\/v2\/product_tag?post=113"}],"curies":[{"name":"wp","href":"https:\/\/api.w.org\/{rel}","templated":true}]}}